{"id":3698,"date":"2026-02-04T19:38:08","date_gmt":"2026-02-04T18:38:08","guid":{"rendered":"https:\/\/vprint.pl\/sklep\/?post_type=product&#038;p=3698"},"modified":"2026-02-04T19:43:24","modified_gmt":"2026-02-04T18:43:24","slug":"certyfikaty-bez-perso-premium-plus","status":"publish","type":"product","link":"https:\/\/vprint.pl\/sklep\/produkt\/certyfikaty-bez-perso-premium-plus\/","title":{"rendered":"Certyfikaty i dyplomy <br>bez personalizacji PREMIUM PLUS"},"content":{"rendered":"\t\t<div data-elementor-type=\"section\" data-elementor-id=\"2536\" class=\"elementor elementor-2536\" data-elementor-post-type=\"elementor_library\">\n\t\t\t<div class=\"elementor-element elementor-element-feb263e e-flex e-con-boxed e-con e-parent\" data-id=\"feb263e\" data-element_type=\"container\">\n\t\t\t\t\t<div class=\"e-con-inner\">\n\t\t\t\t<div class=\"elementor-element elementor-element-cdb5bc4 elementor-widget elementor-widget-video\" data-id=\"cdb5bc4\" data-element_type=\"widget\" data-settings=\"{&quot;video_type&quot;:&quot;hosted&quot;,&quot;autoplay&quot;:&quot;yes&quot;,&quot;mute&quot;:&quot;yes&quot;,&quot;start&quot;:0.5}\" data-widget_type=\"video.default\">\n\t\t\t\t<div class=\"elementor-widget-container\">\n\t\t\t\t\t\t\t<div class=\"e-hosted-video elementor-wrapper elementor-open-inline\">\n\t\t\t\t\t<video class=\"elementor-video\" src=\"https:\/\/vprint.pl\/sklep\/wp-content\/uploads\/2025\/12\/dyplom-premium-plus-v2.2.mp4#t=0.5\" autoplay=\"\" muted=\"muted\" controlsList=\"nodownload\"><\/video>\n\t\t\t\t<\/div>\n\t\t\t\t\t\t<\/div>\n\t\t\t\t<\/div>\n\t\t\t\t\t<\/div>\n\t\t\t\t<\/div>\n\t\t\t\t<\/div>\n\t\t\n","protected":false},"excerpt":{"rendered":"<p style=\"font-size: 20px; font-weight: bold;\">Aksamitny dotyk i b\u0142ysk \u2013 po\u0142\u0105czenie, kt\u00f3re daje wyj\u0105tkowy efekt.<\/p>\n<p>Materia\u0142y wykonane <strong>na bia\u0142ym lub kremowym papierze 300g<\/strong>, powleczonym <strong data-start=\"243\" data-end=\"281\">aksamitn\u0105 w dotyku foli\u0105 SoftTouch<\/strong>. Dodatkowo ka\u017cdy certyfikat jest uszlachetniony wybi\u00f3rcz\u0105 <strong>foli\u0105 w kolorze z\u0142otym, srebrnym lub miedzianym<\/strong>.<\/p>\n<p>Materia\u0142y sprawdz\u0105 si\u0119 na <strong>uko\u0144czenie kursu, szko\u0142y, szkolenia<\/strong>, a tak\u017ce na <strong>wyr\u00f3\u017cnienia i miejsca w konkursach czy zawodach<\/strong>.<\/p>\n","protected":false},"featured_media":0,"template":"","meta":[],"product_brand":[],"product_cat":[34],"product_tag":[],"class_list":{"0":"post-3698","1":"product","2":"type-product","3":"status-publish","5":"product_cat-certyfikaty","7":"first","8":"instock","9":"taxable","10":"shipping-taxable","11":"purchasable","12":"product-type-variable","13":"has-default-attributes"},"_links":{"self":[{"href":"https:\/\/vprint.pl\/sklep\/wp-json\/wp\/v2\/product\/3698","targetHints":{"allow":["GET"]}}],"collection":[{"href":"https:\/\/vprint.pl\/sklep\/wp-json\/wp\/v2\/product"}],"about":[{"href":"https:\/\/vprint.pl\/sklep\/wp-json\/wp\/v2\/types\/product"}],"wp:attachment":[{"href":"https:\/\/vprint.pl\/sklep\/wp-json\/wp\/v2\/media?parent=3698"}],"wp:term":[{"taxonomy":"product_brand","embeddable":true,"href":"https:\/\/vprint.pl\/sklep\/wp-json\/wp\/v2\/product_brand?post=3698"},{"taxonomy":"product_cat","embeddable":true,"href":"https:\/\/vprint.pl\/sklep\/wp-json\/wp\/v2\/product_cat?post=3698"},{"taxonomy":"product_tag","embeddable":true,"href":"https:\/\/vprint.pl\/sklep\/wp-json\/wp\/v2\/product_tag?post=3698"}],"curies":[{"name":"wp","href":"https:\/\/api.w.org\/{rel}","templated":true}]}}