{"id":3692,"date":"2026-02-04T13:18:52","date_gmt":"2026-02-04T12:18:52","guid":{"rendered":"https:\/\/vprint.pl\/sklep\/?post_type=product&#038;p=3692"},"modified":"2026-02-04T14:24:39","modified_gmt":"2026-02-04T13:24:39","slug":"certyfikaty-bez-perso-premium","status":"publish","type":"product","link":"https:\/\/vprint.pl\/sklep\/produkt\/certyfikaty-bez-perso-premium\/","title":{"rendered":"Certyfikaty i dyplomy <br>bez personalizacji PREMIUM"},"content":{"rendered":"\t\t<div data-elementor-type=\"section\" data-elementor-id=\"2531\" class=\"elementor elementor-2531\" data-elementor-post-type=\"elementor_library\">\n\t\t\t<div class=\"elementor-element elementor-element-5ab7fb5 e-flex e-con-boxed e-con e-parent\" data-id=\"5ab7fb5\" data-element_type=\"container\">\n\t\t\t\t\t<div class=\"e-con-inner\">\n\t\t\t\t<div class=\"elementor-element elementor-element-58e703c elementor-widget elementor-widget-video\" data-id=\"58e703c\" data-element_type=\"widget\" data-settings=\"{&quot;video_type&quot;:&quot;hosted&quot;,&quot;autoplay&quot;:&quot;yes&quot;,&quot;mute&quot;:&quot;yes&quot;}\" data-widget_type=\"video.default\">\n\t\t\t\t<div class=\"elementor-widget-container\">\n\t\t\t\t\t\t\t<div class=\"e-hosted-video elementor-wrapper elementor-open-inline\">\n\t\t\t\t\t<video class=\"elementor-video\" src=\"https:\/\/vprint.pl\/sklep\/wp-content\/uploads\/2025\/12\/dyplom-premium-v2.mp4\" autoplay=\"\" muted=\"muted\" controlsList=\"nodownload\"><\/video>\n\t\t\t\t<\/div>\n\t\t\t\t\t\t<\/div>\n\t\t\t\t<\/div>\n\t\t\t\t\t<\/div>\n\t\t\t\t<\/div>\n\t\t\t\t<\/div>\n\t\t\n","protected":false},"excerpt":{"rendered":"<p style=\"font-size: 20px; font-weight: bold;\">Wyj\u0105tkowy charakter i presti\u017c, dzi\u0119ki zastosowanym uszlachetnieniom.<\/p>\n<p>Materia\u0142y wykonane na <strong>bia\u0142ym lub kremowym papierze 300g<\/strong> i uszlachetnione wybi\u00f3rczo <strong>z\u0142ot\u0105, srebrn\u0105 lub miedzian\u0105 foli\u0105<\/strong>. Takie wyko\u0144czenie sprawi, \u017ce zostan\u0105 <strong>docenione i zapami\u0119tane na d\u0142ugo<\/strong>.<\/p>\n<p>Materia\u0142y sprawdz\u0105 si\u0119 na <strong>uko\u0144czenie kursu, szko\u0142y, szkolenia<\/strong>, a tak\u017ce na <strong>wyr\u00f3\u017cnienia i miejsca w konkursach czy zawodach<\/strong>.<\/p>\n","protected":false},"featured_media":0,"template":"","meta":[],"product_brand":[],"product_cat":[34],"product_tag":[],"class_list":{"0":"post-3692","1":"product","2":"type-product","3":"status-publish","5":"product_cat-certyfikaty","7":"first","8":"instock","9":"taxable","10":"shipping-taxable","11":"purchasable","12":"product-type-variable","13":"has-default-attributes"},"_links":{"self":[{"href":"https:\/\/vprint.pl\/sklep\/wp-json\/wp\/v2\/product\/3692","targetHints":{"allow":["GET"]}}],"collection":[{"href":"https:\/\/vprint.pl\/sklep\/wp-json\/wp\/v2\/product"}],"about":[{"href":"https:\/\/vprint.pl\/sklep\/wp-json\/wp\/v2\/types\/product"}],"wp:attachment":[{"href":"https:\/\/vprint.pl\/sklep\/wp-json\/wp\/v2\/media?parent=3692"}],"wp:term":[{"taxonomy":"product_brand","embeddable":true,"href":"https:\/\/vprint.pl\/sklep\/wp-json\/wp\/v2\/product_brand?post=3692"},{"taxonomy":"product_cat","embeddable":true,"href":"https:\/\/vprint.pl\/sklep\/wp-json\/wp\/v2\/product_cat?post=3692"},{"taxonomy":"product_tag","embeddable":true,"href":"https:\/\/vprint.pl\/sklep\/wp-json\/wp\/v2\/product_tag?post=3692"}],"curies":[{"name":"wp","href":"https:\/\/api.w.org\/{rel}","templated":true}]}}