{"id":3520,"date":"2026-02-01T10:34:20","date_gmt":"2026-02-01T09:34:20","guid":{"rendered":"https:\/\/vprint.pl\/sklep\/?post_type=product&#038;p=3520"},"modified":"2026-05-08T10:27:42","modified_gmt":"2026-05-08T08:27:42","slug":"certyfikaty-bez-perso-standard","status":"publish","type":"product","link":"https:\/\/vprint.pl\/sklep\/produkt\/certyfikaty-bez-perso-standard\/","title":{"rendered":"Certyfikaty i dyplomy <br>bez personalizacji STANDARD"},"content":{"rendered":"\t\t<div data-elementor-type=\"section\" data-elementor-id=\"4440\" class=\"elementor elementor-4440\" data-elementor-post-type=\"elementor_library\">\n\t\t\t<div class=\"elementor-element elementor-element-688f666 e-flex e-con-boxed e-con e-parent\" data-id=\"688f666\" data-element_type=\"container\">\n\t\t\t\t\t<div class=\"e-con-inner\">\n\t\t\t\t<div class=\"elementor-element elementor-element-8b3b8b5 elementor-widget elementor-widget-image\" data-id=\"8b3b8b5\" data-element_type=\"widget\" data-widget_type=\"image.default\">\n\t\t\t\t<div class=\"elementor-widget-container\">\n\t\t\t\t\t\t\t\t\t\t\t\t\t\t\t<img fetchpriority=\"high\" decoding=\"async\" width=\"1200\" height=\"900\" src=\"https:\/\/vprint.pl\/sklep\/wp-content\/uploads\/2026\/05\/dyplomy-edu-v2-center-pogl.jpg\" class=\"attachment-full size-full wp-image-4443\" alt=\"\" srcset=\"https:\/\/vprint.pl\/sklep\/wp-content\/uploads\/2026\/05\/dyplomy-edu-v2-center-pogl.jpg 1200w, https:\/\/vprint.pl\/sklep\/wp-content\/uploads\/2026\/05\/dyplomy-edu-v2-center-pogl-300x225.jpg 300w, https:\/\/vprint.pl\/sklep\/wp-content\/uploads\/2026\/05\/dyplomy-edu-v2-center-pogl-1024x768.jpg 1024w, https:\/\/vprint.pl\/sklep\/wp-content\/uploads\/2026\/05\/dyplomy-edu-v2-center-pogl-768x576.jpg 768w, https:\/\/vprint.pl\/sklep\/wp-content\/uploads\/2026\/05\/dyplomy-edu-v2-center-pogl-600x450.jpg 600w\" sizes=\"(max-width: 1200px) 100vw, 1200px\" \/>\t\t\t\t\t\t\t\t\t\t\t\t\t\t\t<\/div>\n\t\t\t\t<\/div>\n\t\t\t\t\t<\/div>\n\t\t\t\t<\/div>\n\t\t\t\t<\/div>\n\t\t\n","protected":false},"excerpt":{"rendered":"<p style=\"font-size: 20px; font-weight: bold;\">Wysoka jako\u015b\u0107 w atrakcyjnych cenach &#8211; praktyczne i eleganckie rozwi\u0105zanie.<\/p>\n<p>Materia\u0142y <strong>bez uszlachetnie\u0144<\/strong> takich jak z\u0142ocenie czy srebrzenie, idealne dla os\u00f3b szukaj\u0105cych <strong>atrakcyjnej ceny przy zachowaniu wysokiej jako\u015bci<\/strong>. Wykonane s\u0105 na starannie wyselekcjonowanych <strong>papierach ozdobnych<\/strong>, kt\u00f3re nadaj\u0105 im <strong>elegancki i profesjonalny wygl\u0105d<\/strong>.<\/p>\n<p>Materia\u0142y sprawdz\u0105 si\u0119 na <strong>uko\u0144czenie kursu, szko\u0142y, szkolenia<\/strong>, a tak\u017ce na <strong>wyr\u00f3\u017cnienia i miejsca w konkursach czy zawodach<\/strong>.<\/p>\n","protected":false},"featured_media":0,"template":"","meta":[],"product_brand":[],"product_cat":[34],"product_tag":[],"class_list":{"0":"post-3520","1":"product","2":"type-product","3":"status-publish","5":"product_cat-certyfikaty","7":"first","8":"instock","9":"taxable","10":"shipping-taxable","11":"purchasable","12":"product-type-variable","13":"has-default-attributes"},"_links":{"self":[{"href":"https:\/\/vprint.pl\/sklep\/wp-json\/wp\/v2\/product\/3520","targetHints":{"allow":["GET"]}}],"collection":[{"href":"https:\/\/vprint.pl\/sklep\/wp-json\/wp\/v2\/product"}],"about":[{"href":"https:\/\/vprint.pl\/sklep\/wp-json\/wp\/v2\/types\/product"}],"wp:attachment":[{"href":"https:\/\/vprint.pl\/sklep\/wp-json\/wp\/v2\/media?parent=3520"}],"wp:term":[{"taxonomy":"product_brand","embeddable":true,"href":"https:\/\/vprint.pl\/sklep\/wp-json\/wp\/v2\/product_brand?post=3520"},{"taxonomy":"product_cat","embeddable":true,"href":"https:\/\/vprint.pl\/sklep\/wp-json\/wp\/v2\/product_cat?post=3520"},{"taxonomy":"product_tag","embeddable":true,"href":"https:\/\/vprint.pl\/sklep\/wp-json\/wp\/v2\/product_tag?post=3520"}],"curies":[{"name":"wp","href":"https:\/\/api.w.org\/{rel}","templated":true}]}}