{"id":2852,"date":"2025-12-16T15:49:27","date_gmt":"2025-12-16T14:49:27","guid":{"rendered":"https:\/\/vprint.pl\/sklep\/?post_type=product&#038;p=2852"},"modified":"2026-01-09T11:46:16","modified_gmt":"2026-01-09T10:46:16","slug":"ramki-dyplomowe-a4","status":"publish","type":"product","link":"https:\/\/vprint.pl\/sklep\/produkt\/ramki-dyplomowe-a4\/","title":{"rendered":"Ramki dyplomowe A4"},"content":{"rendered":"\t\t<div data-elementor-type=\"section\" data-elementor-id=\"2897\" class=\"elementor elementor-2897\" data-elementor-post-type=\"elementor_library\">\n\t\t\t<div class=\"elementor-element elementor-element-292756b e-flex e-con-boxed e-con e-parent\" data-id=\"292756b\" data-element_type=\"container\">\n\t\t\t\t\t<div class=\"e-con-inner\">\n\t\t\t\t<div class=\"elementor-element elementor-element-943cb0a elementor-widget elementor-widget-image\" data-id=\"943cb0a\" data-element_type=\"widget\" data-widget_type=\"image.default\">\n\t\t\t\t<div class=\"elementor-widget-container\">\n\t\t\t\t\t\t\t\t\t\t\t\t\t\t\t<img fetchpriority=\"high\" decoding=\"async\" width=\"1200\" height=\"900\" src=\"https:\/\/vprint.pl\/sklep\/wp-content\/uploads\/2025\/12\/ramki-dyplom-a4-alu-pogl.jpg\" class=\"attachment-full size-full wp-image-3090\" alt=\"\" srcset=\"https:\/\/vprint.pl\/sklep\/wp-content\/uploads\/2025\/12\/ramki-dyplom-a4-alu-pogl.jpg 1200w, https:\/\/vprint.pl\/sklep\/wp-content\/uploads\/2025\/12\/ramki-dyplom-a4-alu-pogl-300x225.jpg 300w, https:\/\/vprint.pl\/sklep\/wp-content\/uploads\/2025\/12\/ramki-dyplom-a4-alu-pogl-1024x768.jpg 1024w, https:\/\/vprint.pl\/sklep\/wp-content\/uploads\/2025\/12\/ramki-dyplom-a4-alu-pogl-768x576.jpg 768w, https:\/\/vprint.pl\/sklep\/wp-content\/uploads\/2025\/12\/ramki-dyplom-a4-alu-pogl-600x450.jpg 600w\" sizes=\"(max-width: 1200px) 100vw, 1200px\" \/>\t\t\t\t\t\t\t\t\t\t\t\t\t\t\t<\/div>\n\t\t\t\t<\/div>\n\t\t\t\t\t<\/div>\n\t\t\t\t<\/div>\n\t\t\t\t<\/div>\n\t\t\n","protected":false},"excerpt":{"rendered":"<p style=\"font-size: 20px; font-weight: bold;\">Wyeksponuj certyfikat lub dyplom<br \/>\nw eleganckiej ramce.<\/p>\n<p>Ramki w <strong>formacie A4<\/strong> do <strong>postawienia w pionie lub poziomie,<\/strong> ewentualnie do\u00a0<strong>powieszenia na \u015bcianie.<\/strong><\/p>\n<p><strong>Wersja ALU<\/strong> wykonana <strong>z aluminium<\/strong> w kolorze <strong>srebrnym lub z\u0142otym chromowanym<\/strong>. Ty\u0142 wyko\u0144czony welurowym czarnym materia\u0142em.<\/p>\n<p><strong>Wersja EKO<\/strong> wykonana <strong>z tworzywa sztucznego<\/strong>, a ty\u0142 z p\u0142yty HDF. Dost\u0119pne kolory: <strong>srebrny, z\u0142oty lub czarny<\/strong>.<\/p>\n","protected":false},"featured_media":0,"template":"","meta":[],"product_brand":[],"product_cat":[39],"product_tag":[],"class_list":{"0":"post-2852","1":"product","2":"type-product","3":"status-publish","5":"product_cat-pozostale","7":"first","8":"instock","9":"taxable","10":"shipping-taxable","11":"purchasable","12":"product-type-simple"},"_links":{"self":[{"href":"https:\/\/vprint.pl\/sklep\/wp-json\/wp\/v2\/product\/2852","targetHints":{"allow":["GET"]}}],"collection":[{"href":"https:\/\/vprint.pl\/sklep\/wp-json\/wp\/v2\/product"}],"about":[{"href":"https:\/\/vprint.pl\/sklep\/wp-json\/wp\/v2\/types\/product"}],"wp:attachment":[{"href":"https:\/\/vprint.pl\/sklep\/wp-json\/wp\/v2\/media?parent=2852"}],"wp:term":[{"taxonomy":"product_brand","embeddable":true,"href":"https:\/\/vprint.pl\/sklep\/wp-json\/wp\/v2\/product_brand?post=2852"},{"taxonomy":"product_cat","embeddable":true,"href":"https:\/\/vprint.pl\/sklep\/wp-json\/wp\/v2\/product_cat?post=2852"},{"taxonomy":"product_tag","embeddable":true,"href":"https:\/\/vprint.pl\/sklep\/wp-json\/wp\/v2\/product_tag?post=2852"}],"curies":[{"name":"wp","href":"https:\/\/api.w.org\/{rel}","templated":true}]}}