{"id":4072,"date":"2026-03-30T15:35:27","date_gmt":"2026-03-30T13:35:27","guid":{"rendered":"https:\/\/vprint.pl\/sklep\/?page_id=4072"},"modified":"2026-03-30T15:41:24","modified_gmt":"2026-03-30T13:41:24","slug":"zwroty-i-reklamacje","status":"publish","type":"page","link":"https:\/\/vprint.pl\/sklep\/zwroty-i-reklamacje\/","title":{"rendered":"Zwroty i reklamacje"},"content":{"rendered":"\t\t<div data-elementor-type=\"wp-page\" data-elementor-id=\"4072\" class=\"elementor elementor-4072\" data-elementor-post-type=\"page\">\n\t\t\t\t\t\t<section class=\"elementor-section elementor-top-section elementor-element elementor-element-ddddb77 elementor-section-boxed elementor-section-height-default elementor-section-height-default\" data-id=\"ddddb77\" data-element_type=\"section\">\n\t\t\t\t\t\t<div class=\"elementor-container elementor-column-gap-default\">\n\t\t\t\t\t<div class=\"elementor-column elementor-col-100 elementor-top-column elementor-element elementor-element-8bd9351\" data-id=\"8bd9351\" data-element_type=\"column\">\n\t\t\t<div class=\"elementor-widget-wrap elementor-element-populated\">\n\t\t\t\t\t\t<section class=\"elementor-section elementor-inner-section elementor-element elementor-element-66cc914 elementor-section-height-default elementor-section-boxed elementor-section-height-default\" data-id=\"66cc914\" data-element_type=\"section\">\n\t\t\t\t\t\t<div class=\"elementor-container elementor-column-gap-default\">\n\t\t\t\t\t<div class=\"elementor-column elementor-col-100 elementor-top-column elementor-element elementor-element-72f556f\" data-id=\"72f556f\" data-element_type=\"column\">\n\t\t\t<div class=\"elementor-widget-wrap elementor-element-populated\">\n\t\t\t\t\t\t<div class=\"elementor-element elementor-element-4ab60a5 elementor-widget elementor-widget-heading\" data-id=\"4ab60a5\" data-element_type=\"widget\" data-widget_type=\"heading.default\">\n\t\t\t\t<div class=\"elementor-widget-container\">\n\t\t\t\t\t<h2 class=\"elementor-heading-title elementor-size-default\">REGULAMIN SKLEPU INTERNETOWEGO VPRINT<\/h2>\t\t\t\t<\/div>\n\t\t\t\t<\/div>\n\t\t\t\t\t<\/div>\n\t\t<\/div>\n\t\t\t\t\t<\/div>\n\t\t<\/section>\n\t\t\t\t\t<\/div>\n\t\t<\/div>\n\t\t\t\t\t<\/div>\n\t\t<\/section>\n\t\t<div class=\"elementor-element elementor-element-17d8fe7e e-flex e-con-boxed e-con e-parent\" data-id=\"17d8fe7e\" data-element_type=\"container\">\n\t\t\t\t\t<div class=\"e-con-inner\">\n\t\t\t\t<div class=\"elementor-element elementor-element-3c7d2ca9 elementor-widget elementor-widget-text-editor\" data-id=\"3c7d2ca9\" data-element_type=\"widget\" data-widget_type=\"text-editor.default\">\n\t\t\t\t<div class=\"elementor-widget-container\">\n\t\t\t\t\t\t\t\t\t<h4 style=\"text-align: center;\">Zasady zwrot\u00f3w<\/h4><p>1. Zgodnie z art. 38 pkt 3 ustawy o prawach konsumenta, prawo do odst\u0105pienia od umowy w terminie 14 dni nie przys\u0142uguje w przypadku zam\u00f3wie\u0144 dotycz\u0105cych produkt\u00f3w wykonanych na specjalne zam\u00f3wienie Klienta, dostosowanych do jego indywidualnych potrzeb.<br \/>2. Wszystkie produkty oferowane w sklepie s\u0105 wytwarzane na specjalne zam\u00f3wienie i zgodnie ze specyfikacj\u0105 okre\u015blon\u0105 przez Klienta, dlatego nie podlegaj\u0105 zwrotowi ani wymianie, chyba \u017ce produkt jest wadliwy lub niezgodny z zam\u00f3wieniem.<\/p><h4>\u00a0<\/h4><h4 style=\"text-align: center;\">Zasady reklamacji<\/h4><p>1. W przypadku stwierdzenia wady produktu prosimy o kontakt drog\u0105 mailow\u0105, telefonicznie lub poprzez formularz kontaktowy. Reklamacj\u0119 mo\u017cesz zg\u0142osi\u0107 r\u00f3wnie\u017c w formie pisemnej i odes\u0142a\u0107 na Nasz adres.<br \/>2. Je\u017celi reklamacja zostanie rozpatrzona pozytywnie zrekompensujemy poniesione koszty poprzez: napraw\u0119 reklamowanego produktu, przes\u0142anie nowego egzemplarza produktu lub zwrot pieni\u0119dzy.<br \/>3. Wszystkie kwestie dotycz\u0105ce warunk\u00f3w i procedury reklamacji znajdziesz w \u00a7 11 <a href=\"https:\/\/vprint.pl\/sklep\/regulamin-sklepu\/\" target=\"_blank\" rel=\"noopener\">Regulaminu sklepu internetowego<\/a>.<\/p>\t\t\t\t\t\t\t\t<\/div>\n\t\t\t\t<\/div>\n\t\t\t\t<div class=\"elementor-element elementor-element-7c6ea2e elementor-widget elementor-widget-spacer\" data-id=\"7c6ea2e\" data-element_type=\"widget\" data-widget_type=\"spacer.default\">\n\t\t\t\t<div class=\"elementor-widget-container\">\n\t\t\t\t\t\t\t<div class=\"elementor-spacer\">\n\t\t\t<div class=\"elementor-spacer-inner\"><\/div>\n\t\t<\/div>\n\t\t\t\t\t\t<\/div>\n\t\t\t\t<\/div>\n\t\t\t\t\t<\/div>\n\t\t\t\t<\/div>\n\t\t\t\t<\/div>\n\t\t","protected":false},"excerpt":{"rendered":"<p>REGULAMIN SKLEPU INTERNETOWEGO VPRINT Zasady zwrot\u00f3w 1. Zgodnie z art. 38 pkt 3 ustawy o prawach konsumenta, prawo do odst\u0105pienia od umowy w terminie 14 dni nie przys\u0142uguje w przypadku zam\u00f3wie\u0144 dotycz\u0105cych produkt\u00f3w wykonanych na specjalne zam\u00f3wienie Klienta, dostosowanych do jego indywidualnych potrzeb.2. Wszystkie produkty oferowane w sklepie s\u0105 wytwarzane na specjalne zam\u00f3wienie i zgodnie [&hellip;]<\/p>\n","protected":false},"author":1,"featured_media":0,"parent":0,"menu_order":0,"comment_status":"closed","ping_status":"closed","template":"","meta":{"footnotes":""},"class_list":["post-4072","page","type-page","status-publish","hentry"],"_links":{"self":[{"href":"https:\/\/vprint.pl\/sklep\/wp-json\/wp\/v2\/pages\/4072","targetHints":{"allow":["GET"]}}],"collection":[{"href":"https:\/\/vprint.pl\/sklep\/wp-json\/wp\/v2\/pages"}],"about":[{"href":"https:\/\/vprint.pl\/sklep\/wp-json\/wp\/v2\/types\/page"}],"author":[{"embeddable":true,"href":"https:\/\/vprint.pl\/sklep\/wp-json\/wp\/v2\/users\/1"}],"replies":[{"embeddable":true,"href":"https:\/\/vprint.pl\/sklep\/wp-json\/wp\/v2\/comments?post=4072"}],"version-history":[{"count":7,"href":"https:\/\/vprint.pl\/sklep\/wp-json\/wp\/v2\/pages\/4072\/revisions"}],"predecessor-version":[{"id":4080,"href":"https:\/\/vprint.pl\/sklep\/wp-json\/wp\/v2\/pages\/4072\/revisions\/4080"}],"wp:attachment":[{"href":"https:\/\/vprint.pl\/sklep\/wp-json\/wp\/v2\/media?parent=4072"}],"curies":[{"name":"wp","href":"https:\/\/api.w.org\/{rel}","templated":true}]}}